{"id":1095,"date":"2025-01-11T23:35:38","date_gmt":"2025-01-11T22:35:38","guid":{"rendered":"http:\/\/photosdejean.fr\/?page_id=1095"},"modified":"2025-12-01T21:16:45","modified_gmt":"2025-12-01T20:16:45","slug":"arts-et-metiers","status":"publish","type":"page","link":"https:\/\/photosdejean.fr\/?page_id=1095","title":{"rendered":"Arts et m\u00e9tiers"},"content":{"rendered":"\n<p>Apr\u00e8s avoir mis en lumi\u00e8re la qualit\u00e9 de leur travail, retrouver les r\u00e9alisations et les coordonn\u00e9es des professionnels qui m&#8217;ont fait confiance.<\/p>\n\n\n\n<p class=\"has-text-align-center\" style=\"font-size:40px\"><strong>Atelier Kleingritt <\/strong><\/p>\n\n\n\n<p><\/p>\n\n\n<div class=\"wp-block-image\">\n<figure class=\"aligncenter size-full is-resized\"><img loading=\"lazy\" decoding=\"async\" width=\"646\" height=\"1006\" src=\"http:\/\/photosdejean.fr\/wp-content\/uploads\/2025\/01\/kleingritt.png\" alt=\"\" class=\"wp-image-967\" style=\"width:130px;height:auto\" srcset=\"https:\/\/photosdejean.fr\/wp-content\/uploads\/2025\/01\/kleingritt.png 646w, https:\/\/photosdejean.fr\/wp-content\/uploads\/2025\/01\/kleingritt-193x300.png 193w\" sizes=\"auto, (max-width: 646px) 100vw, 646px\" \/><\/figure>\n<\/div>\n\n<style type=\"text\/css\" scoped>.rbs_gallery_69d51f72e9f52Spinner{\r\n\t\t\t\tmargin: 50px auto;\r\n\t\t\t\twidth: 50px;\r\n\t\t\t\theight: 40px;\r\n\t\t\t\ttext-align: center;\r\n\t\t\t\tfont-size: 10px;\r\n\t\t\t}\r\n\t\t\t.rbs_gallery_69d51f72e9f52Spinner > div{\r\n\t\t\t  background-color: #333;\r\n\t\t\t  height: 100%;\r\n\t\t\t  width: 6px;\r\n\t\t\t  display: inline-block;\r\n\t\t\t  -webkit-animation: rbs_gallery_69d51f72e9f52-stretchdelay 1.2s infinite ease-in-out;\r\n\t\t\t  animation: rbs_gallery_69d51f72e9f52-stretchdelay 1.2s infinite ease-in-out;\r\n\t\t\t}\r\n\t\t\t.rbs_gallery_69d51f72e9f52Spinner .rbs_gallery_69d51f72e9f52Rect2 {\r\n\t\t\t  -webkit-animation-delay: -1.1s;\r\n\t\t\t  animation-delay: -1.1s;\r\n\t\t\t}\r\n\t\t\t.rbs_gallery_69d51f72e9f52Spinner .rbs_gallery_69d51f72e9f52Rect3 {\r\n\t\t\t  -webkit-animation-delay: -1.0s;\r\n\t\t\t  animation-delay: -1.0s;\r\n\t\t\t}\r\n\t\t\t.rbs_gallery_69d51f72e9f52Spinner .rbs_gallery_69d51f72e9f52Rect4 {\r\n\t\t\t  -webkit-animation-delay: -0.9s;\r\n\t\t\t  animation-delay: -0.9s;\r\n\t\t\t}\r\n\t\t\t.rbs_gallery_69d51f72e9f52Spinner .rbs_gallery_69d51f72e9f52Rect5 {\r\n\t\t\t  -webkit-animation-delay: -0.8s;\r\n\t\t\t  animation-delay: -0.8s;\r\n\t\t\t}\r\n\t\t\t@-webkit-keyframes rbs_gallery_69d51f72e9f52-stretchdelay {\r\n\t\t\t  0%, 40%, 100% { -webkit-transform: scaleY(0.4) }  \r\n\t\t\t  20% { -webkit-transform: scaleY(1.0) }\r\n\t\t\t}\r\n\t\t\t@keyframes rbs_gallery_69d51f72e9f52-stretchdelay {\r\n\t\t\t  0%, 40%, 100% { \r\n\t\t\t    transform: scaleY(0.4);\r\n\t\t\t    -webkit-transform: scaleY(0.4);\r\n\t\t\t  }  20% { \r\n\t\t\t    transform: scaleY(1.0);\r\n\t\t\t    -webkit-transform: scaleY(1.0);\r\n\t\t\t  }\r\n\t\t\t}\r\n\t\t<\/style><div class=\"robo-gallery-wrap robo-gallery-wrap-id1086 robo-gallery-grid\" ><div id=\"rbs_gallery_69d51f72e9f52-block-loader\" class=\"rbs_gallery_69d51f72e9f52Spinner\"><div class=\"rbs_gallery_69d51f72e9f52Rect1\"><\/div> <div class=\"rbs_gallery_69d51f72e9f52Rect2\"><\/div> <div class=\"rbs_gallery_69d51f72e9f52Rect3\"><\/div> <div class=\"rbs_gallery_69d51f72e9f52Rect4\"><\/div> <div class=\"rbs_gallery_69d51f72e9f52Rect5\"><\/div><\/div><div id=\"robo_gallery_main_block_rbs_gallery_69d51f72e9f52\" class=\"robogallery-gallery-1086\" style=\"width:100%;  display: none;\"><div id=\"rbs_gallery_69d51f72e9f52\" data-options=\"rbs_gallery_69d51f72e9f52\" style=\"width:100%;\" class=\"robo_gallery  \"><div class=\"rbs-img  category1086 \" ><div class=\"rbs-img-image   rbs-lightbox \" ><div class=\"rbs-img-thumbs\"  data-thumbnail=\"https:\/\/photosdejean.fr\/wp-content\/uploads\/2025\/01\/DSC_0704-scaled.jpg\"  title=\"DSC_0704\"  data-width=\"1707\"  data-height=\"2560\" ><\/div><div class=\"rbs-img-data-popup\"  data-popup=\"https:\/\/photosdejean.fr\/wp-content\/uploads\/2025\/01\/DSC_0704-scaled.jpg\"  title=\"DSC_0704\" ><\/div><div class=\"thumbnail-overlay\"><div class=\"rbsIcons\"><i class=\"fa fa-search-plus rbsZoomIcon \" ><\/i><\/div><\/div><\/div><\/div><div class=\"rbs-img  category1086 \" ><div class=\"rbs-img-image   rbs-lightbox \" ><div class=\"rbs-img-thumbs\"  data-thumbnail=\"https:\/\/photosdejean.fr\/wp-content\/uploads\/2025\/01\/DSC_0278-scaled.jpg\"  title=\"DSC_0278\"  data-width=\"1707\"  data-height=\"2560\" ><\/div><div class=\"rbs-img-data-popup\"  data-popup=\"https:\/\/photosdejean.fr\/wp-content\/uploads\/2025\/01\/DSC_0278-scaled.jpg\"  title=\"DSC_0278\" ><\/div><div class=\"thumbnail-overlay\"><div class=\"rbsIcons\"><i class=\"fa fa-search-plus rbsZoomIcon \" ><\/i><\/div><\/div><\/div><\/div><div class=\"rbs-img  category1086 \" ><div class=\"rbs-img-image   rbs-lightbox \" ><div class=\"rbs-img-thumbs\"  data-thumbnail=\"https:\/\/photosdejean.fr\/wp-content\/uploads\/2025\/01\/Des-portes-et-des-niches-6-1-scaled.jpg\"  title=\"Des portes et des niches-6\"  data-width=\"1707\"  data-height=\"2560\" ><\/div><div class=\"rbs-img-data-popup\"  data-popup=\"https:\/\/photosdejean.fr\/wp-content\/uploads\/2025\/01\/Des-portes-et-des-niches-6-1-scaled.jpg\"  title=\"Des portes et des niches-6\" ><\/div><div class=\"thumbnail-overlay\"><div class=\"rbsIcons\"><i class=\"fa fa-search-plus rbsZoomIcon \" ><\/i><\/div><\/div><\/div><\/div><\/div><\/div><\/div><script>var rbs_gallery_69d51f72e9f52 = {\"version\":\"5.1.0\",\"id\":1086,\"class\":\"id1086\",\"roboGalleryDelay\":1000,\"mainContainer\":\"#robo_gallery_main_block_rbs_gallery_69d51f72e9f52\",\"loadingContainer\":\"#rbs_gallery_69d51f72e9f52-block-loader\",\"loadingContainerObj\":\"rbs_gallery_69d51f72e9f52-block-loader\",\"columnWidth\":\"auto\",\"columns\":3,\"resolutions\":[{\"columnWidth\":\"auto\",\"columns\":3,\"maxWidth\":960},{\"columnWidth\":\"auto\",\"columns\":2,\"maxWidth\":650},{\"columnWidth\":\"auto\",\"columns\":1,\"maxWidth\":450}],\"hideTitle\":true,\"lightboxOptions\":{\"gallery\":{\"enabled\":true,\"tCounter\":\"%curr% of %total%\"}},\"overlayEffect\":\"direction-aware-fade\",\"boxesToLoadStart\":12,\"boxesToLoad\":8,\"waitUntilThumbLoads\":1,\"LoadingWord\":\"Loading...\",\"loadMoreWord\":\"Load More\",\"noMoreEntriesWord\":\"No More Entries\",\"horizontalSpaceBetweenBoxes\":15,\"verticalSpaceBetweenBoxes\":15,\"lazyLoad\":1,\"wrapContainer\":\"#robo-gallery-wrap-rbs_gallery_69d51f72e9f52\"};<\/script>\n\n\n\n<p class=\"has-text-align-center\"><a href=\"http:\/\/photosdejean.fr\/?page_id=985\" data-type=\"link\" data-id=\"http:\/\/photosdejean.fr\/?page_id=985\">Pour en voir plus<\/a><\/p>\n\n\n\n<p><\/p>\n\n\n\n<p class=\"has-text-align-center\" style=\"font-size:40px\"><strong>L&#8217;Instant des Champs <\/strong><\/p>\n\n\n\n<p><\/p>\n\n\n<div class=\"wp-block-image\">\n<figure class=\"aligncenter size-large is-resized\"><img loading=\"lazy\" decoding=\"async\" width=\"1024\" height=\"429\" src=\"http:\/\/photosdejean.fr\/wp-content\/uploads\/2025\/01\/logo-sans-fond-2-1024x429.png\" alt=\"\" class=\"wp-image-973\" style=\"width:369px;height:auto\" srcset=\"https:\/\/photosdejean.fr\/wp-content\/uploads\/2025\/01\/logo-sans-fond-2-1024x429.png 1024w, https:\/\/photosdejean.fr\/wp-content\/uploads\/2025\/01\/logo-sans-fond-2-300x126.png 300w, https:\/\/photosdejean.fr\/wp-content\/uploads\/2025\/01\/logo-sans-fond-2-768x322.png 768w, https:\/\/photosdejean.fr\/wp-content\/uploads\/2025\/01\/logo-sans-fond-2-1536x643.png 1536w, https:\/\/photosdejean.fr\/wp-content\/uploads\/2025\/01\/logo-sans-fond-2-2048x858.png 2048w, https:\/\/photosdejean.fr\/wp-content\/uploads\/2025\/01\/logo-sans-fond-2-1140x477.png 1140w\" sizes=\"auto, (max-width: 1024px) 100vw, 1024px\" \/><\/figure>\n<\/div>\n\n<style type=\"text\/css\" scoped>.rbs_gallery_69d51f72eeaebSpinner{\r\n\t\t\t\tmargin: 50px auto;\r\n\t\t\t\twidth: 50px;\r\n\t\t\t\theight: 40px;\r\n\t\t\t\ttext-align: center;\r\n\t\t\t\tfont-size: 10px;\r\n\t\t\t}\r\n\t\t\t.rbs_gallery_69d51f72eeaebSpinner > div{\r\n\t\t\t  background-color: #333;\r\n\t\t\t  height: 100%;\r\n\t\t\t  width: 6px;\r\n\t\t\t  display: inline-block;\r\n\t\t\t  -webkit-animation: rbs_gallery_69d51f72eeaeb-stretchdelay 1.2s infinite ease-in-out;\r\n\t\t\t  animation: rbs_gallery_69d51f72eeaeb-stretchdelay 1.2s infinite ease-in-out;\r\n\t\t\t}\r\n\t\t\t.rbs_gallery_69d51f72eeaebSpinner .rbs_gallery_69d51f72eeaebRect2 {\r\n\t\t\t  -webkit-animation-delay: -1.1s;\r\n\t\t\t  animation-delay: -1.1s;\r\n\t\t\t}\r\n\t\t\t.rbs_gallery_69d51f72eeaebSpinner .rbs_gallery_69d51f72eeaebRect3 {\r\n\t\t\t  -webkit-animation-delay: -1.0s;\r\n\t\t\t  animation-delay: -1.0s;\r\n\t\t\t}\r\n\t\t\t.rbs_gallery_69d51f72eeaebSpinner .rbs_gallery_69d51f72eeaebRect4 {\r\n\t\t\t  -webkit-animation-delay: -0.9s;\r\n\t\t\t  animation-delay: -0.9s;\r\n\t\t\t}\r\n\t\t\t.rbs_gallery_69d51f72eeaebSpinner .rbs_gallery_69d51f72eeaebRect5 {\r\n\t\t\t  -webkit-animation-delay: -0.8s;\r\n\t\t\t  animation-delay: -0.8s;\r\n\t\t\t}\r\n\t\t\t@-webkit-keyframes rbs_gallery_69d51f72eeaeb-stretchdelay {\r\n\t\t\t  0%, 40%, 100% { -webkit-transform: scaleY(0.4) }  \r\n\t\t\t  20% { -webkit-transform: scaleY(1.0) }\r\n\t\t\t}\r\n\t\t\t@keyframes rbs_gallery_69d51f72eeaeb-stretchdelay {\r\n\t\t\t  0%, 40%, 100% { \r\n\t\t\t    transform: scaleY(0.4);\r\n\t\t\t    -webkit-transform: scaleY(0.4);\r\n\t\t\t  }  20% { \r\n\t\t\t    transform: scaleY(1.0);\r\n\t\t\t    -webkit-transform: scaleY(1.0);\r\n\t\t\t  }\r\n\t\t\t}\r\n\t\t<\/style><div class=\"robo-gallery-wrap robo-gallery-wrap-id1096 robo-gallery-grid\" ><div id=\"rbs_gallery_69d51f72eeaeb-block-loader\" class=\"rbs_gallery_69d51f72eeaebSpinner\"><div class=\"rbs_gallery_69d51f72eeaebRect1\"><\/div> <div class=\"rbs_gallery_69d51f72eeaebRect2\"><\/div> <div class=\"rbs_gallery_69d51f72eeaebRect3\"><\/div> <div class=\"rbs_gallery_69d51f72eeaebRect4\"><\/div> <div class=\"rbs_gallery_69d51f72eeaebRect5\"><\/div><\/div><div id=\"robo_gallery_main_block_rbs_gallery_69d51f72eeaeb\" class=\"robogallery-gallery-1096\" style=\"width:100%;  display: none;\"><div id=\"rbs_gallery_69d51f72eeaeb\" data-options=\"rbs_gallery_69d51f72eeaeb\" style=\"width:100%;\" class=\"robo_gallery  \"><div class=\"rbs-img  category1096 \" ><div class=\"rbs-img-image   rbs-lightbox \" ><div class=\"rbs-img-thumbs\"  data-thumbnail=\"https:\/\/photosdejean.fr\/wp-content\/uploads\/2025\/01\/instant-des-champs-19-scaled.jpg\"  title=\"instant-des-champs-19\"  data-width=\"1707\"  data-height=\"2560\" ><\/div><div class=\"rbs-img-data-popup\"  data-popup=\"https:\/\/photosdejean.fr\/wp-content\/uploads\/2025\/01\/instant-des-champs-19-scaled.jpg\"  title=\"instant-des-champs-19\" ><\/div><div class=\"thumbnail-overlay\"><div class=\"rbsIcons\"><i class=\"fa fa-search-plus rbsZoomIcon \" ><\/i><\/div><\/div><\/div><\/div><div class=\"rbs-img  category1096 \" ><div class=\"rbs-img-image   rbs-lightbox \" ><div class=\"rbs-img-thumbs\"  data-thumbnail=\"https:\/\/photosdejean.fr\/wp-content\/uploads\/2025\/01\/instant-des-champs-8-1-scaled.jpg\"  title=\"instant-des-champs-8\"  data-width=\"1707\"  data-height=\"2560\" ><\/div><div class=\"rbs-img-data-popup\"  data-popup=\"https:\/\/photosdejean.fr\/wp-content\/uploads\/2025\/01\/instant-des-champs-8-1-scaled.jpg\"  title=\"instant-des-champs-8\" ><\/div><div class=\"thumbnail-overlay\"><div class=\"rbsIcons\"><i class=\"fa fa-search-plus rbsZoomIcon \" ><\/i><\/div><\/div><\/div><\/div><div class=\"rbs-img  category1096 \" ><div class=\"rbs-img-image   rbs-lightbox \" ><div class=\"rbs-img-thumbs\"  data-thumbnail=\"https:\/\/photosdejean.fr\/wp-content\/uploads\/2025\/01\/instant-des-champs-25-scaled.jpg\"  title=\"instant-des-champs-25\"  data-width=\"1707\"  data-height=\"2560\" ><\/div><div class=\"rbs-img-data-popup\"  data-popup=\"https:\/\/photosdejean.fr\/wp-content\/uploads\/2025\/01\/instant-des-champs-25-scaled.jpg\"  title=\"instant-des-champs-25\" ><\/div><div class=\"thumbnail-overlay\"><div class=\"rbsIcons\"><i class=\"fa fa-search-plus rbsZoomIcon \" ><\/i><\/div><\/div><\/div><\/div><\/div><\/div><\/div><script>var rbs_gallery_69d51f72eeaeb = {\"version\":\"5.1.0\",\"id\":1096,\"class\":\"id1096\",\"roboGalleryDelay\":1000,\"mainContainer\":\"#robo_gallery_main_block_rbs_gallery_69d51f72eeaeb\",\"loadingContainer\":\"#rbs_gallery_69d51f72eeaeb-block-loader\",\"loadingContainerObj\":\"rbs_gallery_69d51f72eeaeb-block-loader\",\"columnWidth\":\"auto\",\"columns\":3,\"resolutions\":[{\"columnWidth\":\"auto\",\"columns\":3,\"maxWidth\":960},{\"columnWidth\":\"auto\",\"columns\":2,\"maxWidth\":650},{\"columnWidth\":\"auto\",\"columns\":1,\"maxWidth\":450}],\"hideTitle\":true,\"lightboxOptions\":{\"gallery\":{\"enabled\":true,\"tCounter\":\"%curr% of %total%\"}},\"overlayEffect\":\"direction-aware-fade\",\"boxesToLoadStart\":12,\"boxesToLoad\":8,\"waitUntilThumbLoads\":1,\"LoadingWord\":\"Loading...\",\"loadMoreWord\":\"Load More\",\"noMoreEntriesWord\":\"No More Entries\",\"horizontalSpaceBetweenBoxes\":15,\"verticalSpaceBetweenBoxes\":15,\"lazyLoad\":1,\"wrapContainer\":\"#robo-gallery-wrap-rbs_gallery_69d51f72eeaeb\"};<\/script>\n\n\n\n<p class=\"has-text-align-center\"><a href=\"http:\/\/photosdejean.fr\/?page_id=1004\" data-type=\"link\" data-id=\"http:\/\/photosdejean.fr\/?page_id=1004\">Pour en voir plus <\/a><\/p>\n\n\n\n<p><\/p>\n\n\n\n<p class=\"has-text-align-center\" style=\"font-size:40px\"><strong>Les Aventures Verri\u00e8res<\/strong><\/p>\n\n\n\n<p><\/p>\n\n\n<div class=\"wp-block-image wp-duotone-unset-1\">\n<figure class=\"aligncenter size-full is-resized\"><img loading=\"lazy\" decoding=\"async\" width=\"656\" height=\"410\" src=\"http:\/\/photosdejean.fr\/wp-content\/uploads\/2025\/01\/aventures-verrieres.jpg\" alt=\"\" class=\"wp-image-1117\" style=\"width:250px;height:auto\" srcset=\"https:\/\/photosdejean.fr\/wp-content\/uploads\/2025\/01\/aventures-verrieres.jpg 656w, https:\/\/photosdejean.fr\/wp-content\/uploads\/2025\/01\/aventures-verrieres-300x188.jpg 300w\" sizes=\"auto, (max-width: 656px) 100vw, 656px\" \/><\/figure>\n<\/div>\n\n<style type=\"text\/css\" scoped>.rbs_gallery_69d51f72efe0bSpinner{\r\n\t\t\t\tmargin: 50px auto;\r\n\t\t\t\twidth: 50px;\r\n\t\t\t\theight: 40px;\r\n\t\t\t\ttext-align: center;\r\n\t\t\t\tfont-size: 10px;\r\n\t\t\t}\r\n\t\t\t.rbs_gallery_69d51f72efe0bSpinner > div{\r\n\t\t\t  background-color: #333;\r\n\t\t\t  height: 100%;\r\n\t\t\t  width: 6px;\r\n\t\t\t  display: inline-block;\r\n\t\t\t  -webkit-animation: rbs_gallery_69d51f72efe0b-stretchdelay 1.2s infinite ease-in-out;\r\n\t\t\t  animation: rbs_gallery_69d51f72efe0b-stretchdelay 1.2s infinite ease-in-out;\r\n\t\t\t}\r\n\t\t\t.rbs_gallery_69d51f72efe0bSpinner .rbs_gallery_69d51f72efe0bRect2 {\r\n\t\t\t  -webkit-animation-delay: -1.1s;\r\n\t\t\t  animation-delay: -1.1s;\r\n\t\t\t}\r\n\t\t\t.rbs_gallery_69d51f72efe0bSpinner .rbs_gallery_69d51f72efe0bRect3 {\r\n\t\t\t  -webkit-animation-delay: -1.0s;\r\n\t\t\t  animation-delay: -1.0s;\r\n\t\t\t}\r\n\t\t\t.rbs_gallery_69d51f72efe0bSpinner .rbs_gallery_69d51f72efe0bRect4 {\r\n\t\t\t  -webkit-animation-delay: -0.9s;\r\n\t\t\t  animation-delay: -0.9s;\r\n\t\t\t}\r\n\t\t\t.rbs_gallery_69d51f72efe0bSpinner .rbs_gallery_69d51f72efe0bRect5 {\r\n\t\t\t  -webkit-animation-delay: -0.8s;\r\n\t\t\t  animation-delay: -0.8s;\r\n\t\t\t}\r\n\t\t\t@-webkit-keyframes rbs_gallery_69d51f72efe0b-stretchdelay {\r\n\t\t\t  0%, 40%, 100% { -webkit-transform: scaleY(0.4) }  \r\n\t\t\t  20% { -webkit-transform: scaleY(1.0) }\r\n\t\t\t}\r\n\t\t\t@keyframes rbs_gallery_69d51f72efe0b-stretchdelay {\r\n\t\t\t  0%, 40%, 100% { \r\n\t\t\t    transform: scaleY(0.4);\r\n\t\t\t    -webkit-transform: scaleY(0.4);\r\n\t\t\t  }  20% { \r\n\t\t\t    transform: scaleY(1.0);\r\n\t\t\t    -webkit-transform: scaleY(1.0);\r\n\t\t\t  }\r\n\t\t\t}\r\n\t\t<\/style><div class=\"robo-gallery-wrap robo-gallery-wrap-id1108 robo-gallery-grid\" ><div id=\"rbs_gallery_69d51f72efe0b-block-loader\" class=\"rbs_gallery_69d51f72efe0bSpinner\"><div class=\"rbs_gallery_69d51f72efe0bRect1\"><\/div> <div class=\"rbs_gallery_69d51f72efe0bRect2\"><\/div> <div class=\"rbs_gallery_69d51f72efe0bRect3\"><\/div> <div class=\"rbs_gallery_69d51f72efe0bRect4\"><\/div> <div class=\"rbs_gallery_69d51f72efe0bRect5\"><\/div><\/div><div id=\"robo_gallery_main_block_rbs_gallery_69d51f72efe0b\" class=\"robogallery-gallery-1108\" style=\"width:100%;  display: none;\"><div id=\"rbs_gallery_69d51f72efe0b\" data-options=\"rbs_gallery_69d51f72efe0b\" style=\"width:100%;\" class=\"robo_gallery  \"><div class=\"rbs-img  category1108 \" ><div class=\"rbs-img-image   rbs-lightbox \" ><div class=\"rbs-img-thumbs\"  data-thumbnail=\"https:\/\/photosdejean.fr\/wp-content\/uploads\/2025\/01\/montage-2-17-scaled.jpg\"  title=\"montage 2-17\"  data-width=\"1707\"  data-height=\"2560\" ><\/div><div class=\"rbs-img-data-popup\"  data-popup=\"https:\/\/photosdejean.fr\/wp-content\/uploads\/2025\/01\/montage-2-17-scaled.jpg\"  title=\"montage 2-17\" ><\/div><div class=\"thumbnail-overlay\"><div class=\"rbsIcons\"><i class=\"fa fa-search-plus rbsZoomIcon \" ><\/i><\/div><\/div><\/div><\/div><div class=\"rbs-img  category1108 \" ><div class=\"rbs-img-image   rbs-lightbox \" ><div class=\"rbs-img-thumbs\"  data-thumbnail=\"https:\/\/photosdejean.fr\/wp-content\/uploads\/2025\/01\/Montage-peinture-6-scaled.jpg\"  title=\"Montage peinture-6\"  data-width=\"1707\"  data-height=\"2560\" ><\/div><div class=\"rbs-img-data-popup\"  data-popup=\"https:\/\/photosdejean.fr\/wp-content\/uploads\/2025\/01\/Montage-peinture-6-scaled.jpg\"  title=\"Montage peinture-6\" ><\/div><div class=\"thumbnail-overlay\"><div class=\"rbsIcons\"><i class=\"fa fa-search-plus rbsZoomIcon \" ><\/i><\/div><\/div><\/div><\/div><div class=\"rbs-img  category1108 \" ><div class=\"rbs-img-image   rbs-lightbox \" ><div class=\"rbs-img-thumbs\"  data-thumbnail=\"https:\/\/photosdejean.fr\/wp-content\/uploads\/2025\/01\/montage-2-7-1-scaled.jpg\"  title=\"montage 2-7\"  data-width=\"1707\"  data-height=\"2560\" ><\/div><div class=\"rbs-img-data-popup\"  data-popup=\"https:\/\/photosdejean.fr\/wp-content\/uploads\/2025\/01\/montage-2-7-1-scaled.jpg\"  title=\"montage 2-7\" ><\/div><div class=\"thumbnail-overlay\"><div class=\"rbsIcons\"><i class=\"fa fa-search-plus rbsZoomIcon \" ><\/i><\/div><\/div><\/div><\/div><\/div><\/div><\/div><script>var rbs_gallery_69d51f72efe0b = {\"version\":\"5.1.0\",\"id\":1108,\"class\":\"id1108\",\"roboGalleryDelay\":1000,\"mainContainer\":\"#robo_gallery_main_block_rbs_gallery_69d51f72efe0b\",\"loadingContainer\":\"#rbs_gallery_69d51f72efe0b-block-loader\",\"loadingContainerObj\":\"rbs_gallery_69d51f72efe0b-block-loader\",\"columnWidth\":\"auto\",\"columns\":3,\"resolutions\":[{\"columnWidth\":\"auto\",\"columns\":3,\"maxWidth\":960},{\"columnWidth\":\"auto\",\"columns\":2,\"maxWidth\":650},{\"columnWidth\":\"auto\",\"columns\":1,\"maxWidth\":450}],\"hideTitle\":true,\"lightboxOptions\":{\"gallery\":{\"enabled\":true,\"tCounter\":\"%curr% of %total%\"}},\"overlayEffect\":\"direction-aware-fade\",\"boxesToLoadStart\":12,\"boxesToLoad\":8,\"waitUntilThumbLoads\":1,\"LoadingWord\":\"Loading...\",\"loadMoreWord\":\"Load More\",\"noMoreEntriesWord\":\"No More Entries\",\"horizontalSpaceBetweenBoxes\":15,\"verticalSpaceBetweenBoxes\":15,\"lazyLoad\":1,\"wrapContainer\":\"#robo-gallery-wrap-rbs_gallery_69d51f72efe0b\"};<\/script>\n\n\n\n<p class=\"has-text-align-center\"><a href=\"http:\/\/photosdejean.fr\/?page_id=1022\" data-type=\"link\" data-id=\"http:\/\/photosdejean.fr\/?page_id=1022\">Pour en voir plus<\/a><\/p>\n\n\n\n<p><\/p>\n","protected":false},"excerpt":{"rendered":"<p>Apr\u00e8s avoir mis en lumi\u00e8re la qualit\u00e9 de leur travail, retrouver les r\u00e9alisations et les coordonn\u00e9es des professionnels qui m&#8217;ont fait confiance. Atelier Kleingritt Pour en voir plus L&#8217;Instant des Champs Pour en voir plus Les Aventures Verri\u00e8res Pour en voir plus<\/p>\n","protected":false},"author":1,"featured_media":0,"parent":0,"menu_order":0,"comment_status":"closed","ping_status":"closed","template":"","meta":{"footnotes":""},"class_list":["post-1095","page","type-page","status-publish","hentry"],"_links":{"self":[{"href":"https:\/\/photosdejean.fr\/index.php?rest_route=\/wp\/v2\/pages\/1095","targetHints":{"allow":["GET"]}}],"collection":[{"href":"https:\/\/photosdejean.fr\/index.php?rest_route=\/wp\/v2\/pages"}],"about":[{"href":"https:\/\/photosdejean.fr\/index.php?rest_route=\/wp\/v2\/types\/page"}],"author":[{"embeddable":true,"href":"https:\/\/photosdejean.fr\/index.php?rest_route=\/wp\/v2\/users\/1"}],"replies":[{"embeddable":true,"href":"https:\/\/photosdejean.fr\/index.php?rest_route=%2Fwp%2Fv2%2Fcomments&post=1095"}],"version-history":[{"count":11,"href":"https:\/\/photosdejean.fr\/index.php?rest_route=\/wp\/v2\/pages\/1095\/revisions"}],"predecessor-version":[{"id":1207,"href":"https:\/\/photosdejean.fr\/index.php?rest_route=\/wp\/v2\/pages\/1095\/revisions\/1207"}],"wp:attachment":[{"href":"https:\/\/photosdejean.fr\/index.php?rest_route=%2Fwp%2Fv2%2Fmedia&parent=1095"}],"curies":[{"name":"wp","href":"https:\/\/api.w.org\/{rel}","templated":true}]}}