{"id":1138,"date":"2025-01-12T10:49:00","date_gmt":"2025-01-12T09:49:00","guid":{"rendered":"http:\/\/photosdejean.fr\/?page_id=1138"},"modified":"2025-12-14T13:14:43","modified_gmt":"2025-12-14T12:14:43","slug":"prestations","status":"publish","type":"page","link":"https:\/\/photosdejean.fr\/?page_id=1138","title":{"rendered":"Prestations"},"content":{"rendered":"<div class=\"wp-block-image\">\n<figure class=\"aligncenter size-large is-resized\"><img loading=\"lazy\" decoding=\"async\" width=\"1024\" height=\"683\" src=\"http:\/\/photosdejean.fr\/wp-content\/uploads\/2025\/03\/Grossesse-Megane-7-1024x683.jpg\" alt=\"\" class=\"wp-image-1163\" style=\"width:612px;height:auto\" srcset=\"https:\/\/photosdejean.fr\/wp-content\/uploads\/2025\/03\/Grossesse-Megane-7-1024x683.jpg 1024w, https:\/\/photosdejean.fr\/wp-content\/uploads\/2025\/03\/Grossesse-Megane-7-300x200.jpg 300w, https:\/\/photosdejean.fr\/wp-content\/uploads\/2025\/03\/Grossesse-Megane-7-768x512.jpg 768w, https:\/\/photosdejean.fr\/wp-content\/uploads\/2025\/03\/Grossesse-Megane-7.jpg 1080w\" sizes=\"auto, (max-width: 1024px) 100vw, 1024px\" \/><\/figure>\n<\/div>\n\n\n<blockquote class=\"wp-block-quote is-layout-flow wp-block-quote-is-layout-flow\">\n<p><\/p>\n\n\n\n<p><\/p>\n\n\n\n<p class=\"has-text-align-center\"><strong>Portrait Studio | Famille | Grossesse | Corporate <\/strong><\/p>\n<\/blockquote>\n\n\n\n<figure class=\"wp-block-gallery has-nested-images columns-default is-cropped wp-block-gallery-1 is-layout-flex wp-block-gallery-is-layout-flex\">\n<figure class=\"wp-block-image size-large\"><img loading=\"lazy\" decoding=\"async\" width=\"1024\" height=\"683\" data-id=\"1165\" src=\"http:\/\/photosdejean.fr\/wp-content\/uploads\/2025\/03\/Grossesse-Megane-12-1024x683.jpg\" alt=\"\" class=\"wp-image-1165\" srcset=\"https:\/\/photosdejean.fr\/wp-content\/uploads\/2025\/03\/Grossesse-Megane-12-1024x683.jpg 1024w, https:\/\/photosdejean.fr\/wp-content\/uploads\/2025\/03\/Grossesse-Megane-12-300x200.jpg 300w, https:\/\/photosdejean.fr\/wp-content\/uploads\/2025\/03\/Grossesse-Megane-12-768x512.jpg 768w, https:\/\/photosdejean.fr\/wp-content\/uploads\/2025\/03\/Grossesse-Megane-12.jpg 1080w\" sizes=\"auto, (max-width: 1024px) 100vw, 1024px\" \/><\/figure>\n\n\n\n<figure class=\"wp-block-image size-large\"><img loading=\"lazy\" decoding=\"async\" width=\"683\" height=\"1024\" data-id=\"1203\" src=\"https:\/\/photosdejean.fr\/wp-content\/uploads\/2025\/12\/CEC-Duos-5-683x1024.jpg\" alt=\"\" class=\"wp-image-1203\" srcset=\"https:\/\/photosdejean.fr\/wp-content\/uploads\/2025\/12\/CEC-Duos-5-683x1024.jpg 683w, https:\/\/photosdejean.fr\/wp-content\/uploads\/2025\/12\/CEC-Duos-5-200x300.jpg 200w, https:\/\/photosdejean.fr\/wp-content\/uploads\/2025\/12\/CEC-Duos-5-768x1152.jpg 768w, https:\/\/photosdejean.fr\/wp-content\/uploads\/2025\/12\/CEC-Duos-5-100x150.jpg 100w, https:\/\/photosdejean.fr\/wp-content\/uploads\/2025\/12\/CEC-Duos-5-1024x1536.jpg 1024w, https:\/\/photosdejean.fr\/wp-content\/uploads\/2025\/12\/CEC-Duos-5-1365x2048.jpg 1365w, https:\/\/photosdejean.fr\/wp-content\/uploads\/2025\/12\/CEC-Duos-5-1140x1710.jpg 1140w, https:\/\/photosdejean.fr\/wp-content\/uploads\/2025\/12\/CEC-Duos-5-scaled.jpg 1707w\" sizes=\"auto, (max-width: 683px) 100vw, 683px\" \/><\/figure>\n\n\n\n<figure class=\"wp-block-image size-large is-style-default\"><img loading=\"lazy\" decoding=\"async\" width=\"683\" height=\"1024\" data-id=\"1199\" src=\"https:\/\/photosdejean.fr\/wp-content\/uploads\/2025\/12\/Nico-683x1024.jpg\" alt=\"\" class=\"wp-image-1199\" srcset=\"https:\/\/photosdejean.fr\/wp-content\/uploads\/2025\/12\/Nico-683x1024.jpg 683w, https:\/\/photosdejean.fr\/wp-content\/uploads\/2025\/12\/Nico-200x300.jpg 200w, https:\/\/photosdejean.fr\/wp-content\/uploads\/2025\/12\/Nico-768x1152.jpg 768w, https:\/\/photosdejean.fr\/wp-content\/uploads\/2025\/12\/Nico-100x150.jpg 100w, https:\/\/photosdejean.fr\/wp-content\/uploads\/2025\/12\/Nico-1024x1536.jpg 1024w, https:\/\/photosdejean.fr\/wp-content\/uploads\/2025\/12\/Nico-1365x2048.jpg 1365w, https:\/\/photosdejean.fr\/wp-content\/uploads\/2025\/12\/Nico-1140x1710.jpg 1140w, https:\/\/photosdejean.fr\/wp-content\/uploads\/2025\/12\/Nico-scaled.jpg 1707w\" sizes=\"auto, (max-width: 683px) 100vw, 683px\" \/><\/figure>\n<\/figure>\n\n\n\n<blockquote class=\"wp-block-quote is-layout-flow wp-block-quote-is-layout-flow\">\n<p><\/p>\n\n\n\n<p class=\"has-text-align-center\"><strong>Mise en valeur de votre activit\u00e9 professionnelle pour vos r\u00e9seaux et site internet<\/strong><\/p>\n<\/blockquote>\n\n\n\n<figure class=\"wp-block-gallery has-nested-images columns-default is-cropped wp-block-gallery-2 is-layout-flex wp-block-gallery-is-layout-flex\">\n<figure class=\"wp-block-image size-large\"><img loading=\"lazy\" decoding=\"async\" width=\"683\" height=\"1024\" data-id=\"1149\" src=\"http:\/\/photosdejean.fr\/wp-content\/uploads\/2025\/01\/instant-des-champs-43-1-683x1024.jpg\" alt=\"\" class=\"wp-image-1149\" srcset=\"https:\/\/photosdejean.fr\/wp-content\/uploads\/2025\/01\/instant-des-champs-43-1-683x1024.jpg 683w, https:\/\/photosdejean.fr\/wp-content\/uploads\/2025\/01\/instant-des-champs-43-1-200x300.jpg 200w, https:\/\/photosdejean.fr\/wp-content\/uploads\/2025\/01\/instant-des-champs-43-1-768x1152.jpg 768w, https:\/\/photosdejean.fr\/wp-content\/uploads\/2025\/01\/instant-des-champs-43-1-1024x1536.jpg 1024w, https:\/\/photosdejean.fr\/wp-content\/uploads\/2025\/01\/instant-des-champs-43-1-1365x2048.jpg 1365w, https:\/\/photosdejean.fr\/wp-content\/uploads\/2025\/01\/instant-des-champs-43-1-1140x1710.jpg 1140w, https:\/\/photosdejean.fr\/wp-content\/uploads\/2025\/01\/instant-des-champs-43-1-scaled.jpg 1707w\" sizes=\"auto, (max-width: 683px) 100vw, 683px\" \/><\/figure>\n\n\n\n<figure class=\"wp-block-image size-large\"><img loading=\"lazy\" decoding=\"async\" width=\"683\" height=\"1024\" data-id=\"1142\" src=\"http:\/\/photosdejean.fr\/wp-content\/uploads\/2025\/01\/instant-des-champs-8-2-683x1024.jpg\" alt=\"\" class=\"wp-image-1142\" srcset=\"https:\/\/photosdejean.fr\/wp-content\/uploads\/2025\/01\/instant-des-champs-8-2-683x1024.jpg 683w, https:\/\/photosdejean.fr\/wp-content\/uploads\/2025\/01\/instant-des-champs-8-2-200x300.jpg 200w, https:\/\/photosdejean.fr\/wp-content\/uploads\/2025\/01\/instant-des-champs-8-2-768x1152.jpg 768w, https:\/\/photosdejean.fr\/wp-content\/uploads\/2025\/01\/instant-des-champs-8-2-1024x1536.jpg 1024w, https:\/\/photosdejean.fr\/wp-content\/uploads\/2025\/01\/instant-des-champs-8-2-1365x2048.jpg 1365w, https:\/\/photosdejean.fr\/wp-content\/uploads\/2025\/01\/instant-des-champs-8-2-1140x1710.jpg 1140w, https:\/\/photosdejean.fr\/wp-content\/uploads\/2025\/01\/instant-des-champs-8-2-scaled.jpg 1707w\" sizes=\"auto, (max-width: 683px) 100vw, 683px\" \/><\/figure>\n\n\n\n<figure class=\"wp-block-image size-large\"><img loading=\"lazy\" decoding=\"async\" width=\"683\" height=\"1024\" data-id=\"1131\" src=\"http:\/\/photosdejean.fr\/wp-content\/uploads\/2025\/01\/DSC_0336-683x1024.jpg\" alt=\"\" class=\"wp-image-1131\" srcset=\"https:\/\/photosdejean.fr\/wp-content\/uploads\/2025\/01\/DSC_0336-683x1024.jpg 683w, https:\/\/photosdejean.fr\/wp-content\/uploads\/2025\/01\/DSC_0336-200x300.jpg 200w, https:\/\/photosdejean.fr\/wp-content\/uploads\/2025\/01\/DSC_0336-768x1152.jpg 768w, https:\/\/photosdejean.fr\/wp-content\/uploads\/2025\/01\/DSC_0336-1024x1536.jpg 1024w, https:\/\/photosdejean.fr\/wp-content\/uploads\/2025\/01\/DSC_0336-1365x2048.jpg 1365w, https:\/\/photosdejean.fr\/wp-content\/uploads\/2025\/01\/DSC_0336-1140x1710.jpg 1140w, https:\/\/photosdejean.fr\/wp-content\/uploads\/2025\/01\/DSC_0336-scaled.jpg 1707w\" sizes=\"auto, (max-width: 683px) 100vw, 683px\" \/><\/figure>\n\n\n\n<figure class=\"wp-block-image size-large\"><img loading=\"lazy\" decoding=\"async\" width=\"1024\" height=\"683\" data-id=\"1124\" src=\"http:\/\/photosdejean.fr\/wp-content\/uploads\/2025\/01\/Ameublement-buffet-et-table-30-1024x683.jpg\" alt=\"\" class=\"wp-image-1124\" srcset=\"https:\/\/photosdejean.fr\/wp-content\/uploads\/2025\/01\/Ameublement-buffet-et-table-30-1024x683.jpg 1024w, https:\/\/photosdejean.fr\/wp-content\/uploads\/2025\/01\/Ameublement-buffet-et-table-30-300x200.jpg 300w, https:\/\/photosdejean.fr\/wp-content\/uploads\/2025\/01\/Ameublement-buffet-et-table-30-768x512.jpg 768w, https:\/\/photosdejean.fr\/wp-content\/uploads\/2025\/01\/Ameublement-buffet-et-table-30-1536x1024.jpg 1536w, https:\/\/photosdejean.fr\/wp-content\/uploads\/2025\/01\/Ameublement-buffet-et-table-30-2048x1365.jpg 2048w, https:\/\/photosdejean.fr\/wp-content\/uploads\/2025\/01\/Ameublement-buffet-et-table-30-1140x760.jpg 1140w\" sizes=\"auto, (max-width: 1024px) 100vw, 1024px\" \/><\/figure>\n\n\n\n<figure class=\"wp-block-image size-large\"><img loading=\"lazy\" decoding=\"async\" width=\"1024\" height=\"683\" data-id=\"1018\" src=\"http:\/\/photosdejean.fr\/wp-content\/uploads\/2025\/01\/montage-2-22-1024x683.jpg\" alt=\"\" class=\"wp-image-1018\" srcset=\"https:\/\/photosdejean.fr\/wp-content\/uploads\/2025\/01\/montage-2-22-1024x683.jpg 1024w, https:\/\/photosdejean.fr\/wp-content\/uploads\/2025\/01\/montage-2-22-300x200.jpg 300w, https:\/\/photosdejean.fr\/wp-content\/uploads\/2025\/01\/montage-2-22-768x512.jpg 768w, https:\/\/photosdejean.fr\/wp-content\/uploads\/2025\/01\/montage-2-22-1536x1024.jpg 1536w, https:\/\/photosdejean.fr\/wp-content\/uploads\/2025\/01\/montage-2-22-2048x1365.jpg 2048w, https:\/\/photosdejean.fr\/wp-content\/uploads\/2025\/01\/montage-2-22-1140x760.jpg 1140w\" sizes=\"auto, (max-width: 1024px) 100vw, 1024px\" \/><\/figure>\n\n\n\n<figure class=\"wp-block-image size-large\"><img loading=\"lazy\" decoding=\"async\" width=\"1024\" height=\"683\" data-id=\"1016\" src=\"http:\/\/photosdejean.fr\/wp-content\/uploads\/2025\/01\/montage-2-13-1024x683.jpg\" alt=\"\" class=\"wp-image-1016\" srcset=\"https:\/\/photosdejean.fr\/wp-content\/uploads\/2025\/01\/montage-2-13-1024x683.jpg 1024w, https:\/\/photosdejean.fr\/wp-content\/uploads\/2025\/01\/montage-2-13-300x200.jpg 300w, https:\/\/photosdejean.fr\/wp-content\/uploads\/2025\/01\/montage-2-13-768x512.jpg 768w, https:\/\/photosdejean.fr\/wp-content\/uploads\/2025\/01\/montage-2-13-1536x1024.jpg 1536w, https:\/\/photosdejean.fr\/wp-content\/uploads\/2025\/01\/montage-2-13-2048x1365.jpg 2048w, https:\/\/photosdejean.fr\/wp-content\/uploads\/2025\/01\/montage-2-13-1140x760.jpg 1140w\" sizes=\"auto, (max-width: 1024px) 100vw, 1024px\" \/><\/figure>\n<\/figure>\n\n\n\n<blockquote class=\"wp-block-quote is-layout-flow wp-block-quote-is-layout-flow\">\n<p><\/p>\n\n\n\n<p><\/p>\n\n\n\n<p><\/p>\n\n\n\n<p><strong>Je suis \u00e0 votre \u00e9coute, pour toutes demandes, merci remplir le formulaire de contact<a href=\"http:\/\/photosdejean.fr\/?page_id=1028\" data-type=\"link\" data-id=\"http:\/\/photosdejean.fr\/?page_id=1028\"> ici <\/a><\/strong><\/p>\n<\/blockquote>\n\n\n\n<p><\/p>\n","protected":false},"excerpt":{"rendered":"<p>Portrait Studio | Famille | Grossesse | Corporate Mise en valeur de votre activit\u00e9 professionnelle pour vos r\u00e9seaux et site internet Je suis \u00e0 votre \u00e9coute, pour toutes demandes, merci remplir le formulaire de contact ici<\/p>\n","protected":false},"author":1,"featured_media":0,"parent":0,"menu_order":0,"comment_status":"closed","ping_status":"closed","template":"","meta":{"footnotes":""},"class_list":["post-1138","page","type-page","status-publish","hentry"],"_links":{"self":[{"href":"https:\/\/photosdejean.fr\/index.php?rest_route=\/wp\/v2\/pages\/1138","targetHints":{"allow":["GET"]}}],"collection":[{"href":"https:\/\/photosdejean.fr\/index.php?rest_route=\/wp\/v2\/pages"}],"about":[{"href":"https:\/\/photosdejean.fr\/index.php?rest_route=\/wp\/v2\/types\/page"}],"author":[{"embeddable":true,"href":"https:\/\/photosdejean.fr\/index.php?rest_route=\/wp\/v2\/users\/1"}],"replies":[{"embeddable":true,"href":"https:\/\/photosdejean.fr\/index.php?rest_route=%2Fwp%2Fv2%2Fcomments&post=1138"}],"version-history":[{"count":8,"href":"https:\/\/photosdejean.fr\/index.php?rest_route=\/wp\/v2\/pages\/1138\/revisions"}],"predecessor-version":[{"id":1208,"href":"https:\/\/photosdejean.fr\/index.php?rest_route=\/wp\/v2\/pages\/1138\/revisions\/1208"}],"wp:attachment":[{"href":"https:\/\/photosdejean.fr\/index.php?rest_route=%2Fwp%2Fv2%2Fmedia&parent=1138"}],"curies":[{"name":"wp","href":"https:\/\/api.w.org\/{rel}","templated":true}]}}